{"id":230,"date":"2016-05-23T09:55:19","date_gmt":"2016-05-23T09:55:19","guid":{"rendered":"https:\/\/nanovation.com\/fr\/?page_id=230"},"modified":"2022-08-19T05:49:38","modified_gmt":"2022-08-19T05:49:38","slug":"services","status":"publish","type":"page","link":"https:\/\/nanovation.com\/fr\/services\/","title":{"rendered":"Services"},"content":{"rendered":"<h2>Prestations<\/h2>\n<ul>\n<li>Developpement des wafers \u00e0 base d&rsquo;oxydes selon le besoin du client\u00a0<\/li>\n<li>Lift Off Laser<\/li>\n<li>Epitaxial Lift Off<\/li>\n<li>Caracterisation des mat\u00e9riaux\u00a0 (X-Ray Diffraction, Hall, inspection,\u00a0 transmission\/reflection optique, \u00e9paisseur par interferom\u00e9trie)<\/li>\n<li>Prototypage et test de composants semiconducteur (y compris la d\u00e9coupe laser)<\/li>\n<\/ul>\n<h2>Voici ce que nos clients\/partenaires\u00a0gagnent \u00e0 collaborer et \u00e0 travailler avec nous\u00a0:<\/h2>\n<ul>\n<li>D\u00e9veloppement de produits innovants et d\u00e9ploiement vers de nouveaux march\u00e9s<\/li>\n<li>Am\u00e9liorations des produits existants ou augmentation de leurs marges<\/li>\n<li>Extensions des fronts de recherches\u00a0\u2013 nouveaux ou existants<\/li>\n<li>Aide\u00a0\u00e0 l&rsquo;obtention de financements collaboratifs<\/li>\n<li>Publications communes et amplification de la valeur de leur profil<\/li>\n<li>Enrichissement de leur compr\u00e9hension des opportunit\u00e9s offertes par le ZnO, l&rsquo;ablation laser et d&rsquo;autres mat\u00e9riaux\u2026<\/li>\n<\/ul>\n<h2>Consulting<\/h2>\n<ul>\n<li>Nanotechnologie<\/li>\n<li>Semi-conducteur compos\u00e9s<\/li>\n<li>Conducteurs Transparents<\/li>\n<li>LEDs<\/li>\n<li>Cellules Solaires<\/li>\n<li>Mat\u00e9riaux oxyde<\/li>\n<\/ul>\n<p>N&rsquo;h\u00e9sitez pas \u00e0 nous <a title=\"Contact\" href=\"http:\/\/nanovation.com\/fr\/contact\/\">contacter<\/a> si vous avez des besoins particuliers ou des questions.<\/p>\n","protected":false},"excerpt":{"rendered":"<p>Prestations Developpement des wafers \u00e0 base d&rsquo;oxydes selon le besoin du client\u00a0 Lift Off Laser Epitaxial Lift Off Caracterisation des mat\u00e9riaux\u00a0 (X-Ray Diffraction, Hall, inspection,\u00a0 transmission\/reflection optique, \u00e9paisseur par interferom\u00e9trie) Prototypage et test de composants semiconducteur (y compris la d\u00e9coupe laser) Voici ce que nos clients\/partenaires\u00a0gagnent \u00e0 collaborer et \u00e0 travailler avec nous\u00a0: D\u00e9veloppement de [&hellip;]<\/p>\n","protected":false},"author":3,"featured_media":0,"parent":0,"menu_order":0,"comment_status":"closed","ping_status":"closed","template":"","meta":{"footnotes":""},"class_list":["post-230","page","type-page","status-publish","hentry"],"_links":{"self":[{"href":"https:\/\/nanovation.com\/fr\/wp-json\/wp\/v2\/pages\/230"}],"collection":[{"href":"https:\/\/nanovation.com\/fr\/wp-json\/wp\/v2\/pages"}],"about":[{"href":"https:\/\/nanovation.com\/fr\/wp-json\/wp\/v2\/types\/page"}],"author":[{"embeddable":true,"href":"https:\/\/nanovation.com\/fr\/wp-json\/wp\/v2\/users\/3"}],"replies":[{"embeddable":true,"href":"https:\/\/nanovation.com\/fr\/wp-json\/wp\/v2\/comments?post=230"}],"version-history":[{"count":0,"href":"https:\/\/nanovation.com\/fr\/wp-json\/wp\/v2\/pages\/230\/revisions"}],"wp:attachment":[{"href":"https:\/\/nanovation.com\/fr\/wp-json\/wp\/v2\/media?parent=230"}],"curies":[{"name":"wp","href":"https:\/\/api.w.org\/{rel}","templated":true}]}}