{"id":232,"date":"2016-05-23T10:04:59","date_gmt":"2016-05-23T10:04:59","guid":{"rendered":"https:\/\/nanovation.com\/fr\/?page_id=232"},"modified":"2022-08-18T21:44:57","modified_gmt":"2022-08-18T21:44:57","slug":"recrutement","status":"publish","type":"page","link":"https:\/\/nanovation.com\/fr\/recrutement\/","title":{"rendered":"Recrutement"},"content":{"rendered":"<h2>Positions Open<\/h2>\n<p>Nanovation cherche actuellement des \u00e9tudiants en stage (de derni\u00e8re ann\u00e9e) sur les th\u00e8mes suivantes\u00a0<\/p>\n<ol>\n<li>l&rsquo;\u00e9tude\/mise au point des propri\u00e9t\u00e9s electriques\/optiques de ZnO et Ga<sub>2<\/sub>O<sub>3<\/sub> pour application dans les composants optoelectroniques.<\/li>\n<li>processing et test de composants optoelectroniques \u00e0 base de ZnO et Ga<sub>2<\/sub>O<sub>3<\/sub>.<\/li>\n<li>l&rsquo;electronique de puissance \u00e0 base de Ga<sub>2<\/sub>O<sub>3<\/sub><\/li>\n<\/ol>\n<p>Contact <a href=\"mailto:info@nanovation.com\" target=\"_blank\" rel=\"noopener\">info@nanovation.com<\/a> for more information.<\/p>\n","protected":false},"excerpt":{"rendered":"<p>Positions Open Nanovation cherche actuellement des \u00e9tudiants en stage (de derni\u00e8re ann\u00e9e) sur les th\u00e8mes suivantes\u00a0 l&rsquo;\u00e9tude\/mise au point des propri\u00e9t\u00e9s electriques\/optiques de ZnO et Ga2O3 pour application dans les composants optoelectroniques. processing et test de composants optoelectroniques \u00e0 base de ZnO et Ga2O3. l&rsquo;electronique de puissance \u00e0 base de Ga2O3 Contact info@nanovation.com for more [&hellip;]<\/p>\n","protected":false},"author":3,"featured_media":0,"parent":0,"menu_order":0,"comment_status":"closed","ping_status":"closed","template":"","meta":{"footnotes":""},"class_list":["post-232","page","type-page","status-publish","hentry"],"_links":{"self":[{"href":"https:\/\/nanovation.com\/fr\/wp-json\/wp\/v2\/pages\/232"}],"collection":[{"href":"https:\/\/nanovation.com\/fr\/wp-json\/wp\/v2\/pages"}],"about":[{"href":"https:\/\/nanovation.com\/fr\/wp-json\/wp\/v2\/types\/page"}],"author":[{"embeddable":true,"href":"https:\/\/nanovation.com\/fr\/wp-json\/wp\/v2\/users\/3"}],"replies":[{"embeddable":true,"href":"https:\/\/nanovation.com\/fr\/wp-json\/wp\/v2\/comments?post=232"}],"version-history":[{"count":0,"href":"https:\/\/nanovation.com\/fr\/wp-json\/wp\/v2\/pages\/232\/revisions"}],"wp:attachment":[{"href":"https:\/\/nanovation.com\/fr\/wp-json\/wp\/v2\/media?parent=232"}],"curies":[{"name":"wp","href":"https:\/\/api.w.org\/{rel}","templated":true}]}}