{"id":39,"date":"2015-02-12T15:56:17","date_gmt":"2015-02-12T15:56:17","guid":{"rendered":"https:\/\/nanovation.com\/fr\/?page_id=39"},"modified":"2022-02-23T15:16:44","modified_gmt":"2022-02-23T15:16:44","slug":"produits","status":"publish","type":"page","link":"https:\/\/nanovation.com\/fr\/produits\/","title":{"rendered":"Produits"},"content":{"rendered":"<h2>Epilayers de ZnO, NiO et Ga<sub>2<\/sub>O<sub>3<\/sub> (jusqu&rsquo;\u00e0 75mm de diam\u00e8tre)<\/h2>\n<p>Sur divers substrats :<img loading=\"lazy\" decoding=\"async\" class=\"wp-image-41 alignright\" style=\"margin-right: 30px;\" src=\"http:\/\/nanovation.com\/fr\/wp-content\/uploads\/sites\/2\/2015\/02\/ZnO-Wafer03.jpg\" alt=\"ZnO-Wafer\" width=\"301\" height=\"244\" \/><\/p>\n<ul>\n<li>saphir (c, a &amp; m) (<a href=\"http:\/\/nanovation.com\/fr\/produits\/nanovation-zno-on-csapphire-wafer-data-sheet-jan-2015-v1\/\" rel=\"attachment wp-att-140\">fiche<\/a>)<\/li>\n<li>Si ( (100) &amp; (111) ) (<a href=\"http:\/\/nanovation.com\/fr\/produits\/nanovation-zno-on-si-wafer-data-sheet-jan-2015-v1\/\" rel=\"attachment wp-att-141\">fiche<\/a>)<\/li>\n<li>SiC (6H)<\/li>\n<li>ZnO<\/li>\n<li>GaN<\/li>\n<li>verre<\/li>\n<li>polym\u00e8re<\/li>\n<li>acier<\/li>\n<li>FTO<\/li>\n<li>quartz<\/li>\n<li>papier<\/li>\n<li>etc.<\/li>\n<\/ul>\n<h2>Distributions de Nanoparticules M\u00e9talliques<\/h2>\n<p><img loading=\"lazy\" decoding=\"async\" class=\"alignright size-medium wp-image-207\" src=\"http:\/\/nanovation.com\/en\/wp-content\/uploads\/sites\/3\/2015\/02\/IMG_0854-300x200.jpg\" alt=\"\" width=\"300\" height=\"200\" \/><\/p>\n<ul>\n<li>Au<\/li>\n<li>Ag<\/li>\n<li>Pt<\/li>\n<li>etc.<\/li>\n<\/ul>\n<h2 style=\"clear: both;\">Nanostructures de ZnO<\/h2>\n<div>\n<p><img loading=\"lazy\" decoding=\"async\" class=\"size-full wp-image-244 alignleft\" src=\"http:\/\/nanovation.com\/fr\/wp-content\/uploads\/sites\/2\/2015\/02\/img100.jpg\" alt=\"Nanostructure\" width=\"205\" height=\"155\" srcset=\"https:\/\/nanovation.com\/fr\/wp-content\/uploads\/sites\/2\/2015\/02\/img100.jpg 205w, https:\/\/nanovation.com\/fr\/wp-content\/uploads\/sites\/2\/2015\/02\/img100-150x113.jpg 150w\" sizes=\"(max-width: 205px) 100vw, 205px\" \/> <img loading=\"lazy\" decoding=\"async\" class=\"size-full wp-image-245 alignleft\" src=\"http:\/\/nanovation.com\/fr\/wp-content\/uploads\/sites\/2\/2015\/02\/img101.jpg\" alt=\"Nanostructure\" width=\"212\" height=\"155\" srcset=\"https:\/\/nanovation.com\/fr\/wp-content\/uploads\/sites\/2\/2015\/02\/img101.jpg 212w, https:\/\/nanovation.com\/fr\/wp-content\/uploads\/sites\/2\/2015\/02\/img101-150x110.jpg 150w\" sizes=\"(max-width: 212px) 100vw, 212px\" \/> <img loading=\"lazy\" decoding=\"async\" class=\"size-full wp-image-246 alignleft\" src=\"http:\/\/nanovation.com\/fr\/wp-content\/uploads\/sites\/2\/2015\/02\/img102.jpg\" alt=\"Nanostructure\" width=\"218\" height=\"155\" srcset=\"https:\/\/nanovation.com\/fr\/wp-content\/uploads\/sites\/2\/2015\/02\/img102.jpg 218w, https:\/\/nanovation.com\/fr\/wp-content\/uploads\/sites\/2\/2015\/02\/img102-150x107.jpg 150w\" sizes=\"(max-width: 218px) 100vw, 218px\" \/><\/p>\n<\/div>\n<ul style=\"clear: both;\">\n<li>Diverses formes : <a title=\"Contact\" href=\"http:\/\/nanovation.com\/fr\/contact\/\">contactez-nous<\/a> pour vos besoins particuliers (<a href=\"http:\/\/nanovation.com\/fr\/produits\/nano-zno-data-sheet-jan-2015-v1\/\" rel=\"attachment wp-att-143\">fiche<\/a>).<\/li>\n<\/ul>\n<h2>Autres mat\u00e9riaux<\/h2>\n<ul>\n<li>MgO<\/li>\n<li>p-Cu<sub>2<\/sub>O<\/li>\n<li>Al<sub>2<\/sub>O<sub>3<\/sub><\/li>\n<li>ZnS<\/li>\n<li>CuO<\/li>\n<li>etc. (sur demande)<\/li>\n<\/ul>\n<p>N&rsquo;h\u00e9sitez pas \u00e0 nous <a title=\"Contact\" href=\"http:\/\/nanovation.com\/fr\/contact\/\">contacter<\/a> si vous avez des besoins particuliers ou des questions.<\/p>\n","protected":false},"excerpt":{"rendered":"<p>Epilayers de ZnO, NiO et Ga2O3 (jusqu&rsquo;\u00e0 75mm de diam\u00e8tre) Sur divers substrats : saphir (c, a &amp; m) (fiche) Si ( (100) &amp; (111) ) (fiche) SiC (6H) ZnO GaN verre polym\u00e8re acier FTO quartz papier etc. Distributions de Nanoparticules M\u00e9talliques Au Ag Pt etc. Nanostructures de ZnO Diverses formes : contactez-nous pour vos [&hellip;]<\/p>\n","protected":false},"author":3,"featured_media":0,"parent":0,"menu_order":0,"comment_status":"closed","ping_status":"closed","template":"","meta":{"footnotes":""},"class_list":["post-39","page","type-page","status-publish","hentry"],"_links":{"self":[{"href":"https:\/\/nanovation.com\/fr\/wp-json\/wp\/v2\/pages\/39"}],"collection":[{"href":"https:\/\/nanovation.com\/fr\/wp-json\/wp\/v2\/pages"}],"about":[{"href":"https:\/\/nanovation.com\/fr\/wp-json\/wp\/v2\/types\/page"}],"author":[{"embeddable":true,"href":"https:\/\/nanovation.com\/fr\/wp-json\/wp\/v2\/users\/3"}],"replies":[{"embeddable":true,"href":"https:\/\/nanovation.com\/fr\/wp-json\/wp\/v2\/comments?post=39"}],"version-history":[{"count":0,"href":"https:\/\/nanovation.com\/fr\/wp-json\/wp\/v2\/pages\/39\/revisions"}],"wp:attachment":[{"href":"https:\/\/nanovation.com\/fr\/wp-json\/wp\/v2\/media?parent=39"}],"curies":[{"name":"wp","href":"https:\/\/api.w.org\/{rel}","templated":true}]}}