{"id":5,"date":"2015-02-12T15:29:09","date_gmt":"2015-02-12T15:29:09","guid":{"rendered":"https:\/\/nanovation.com\/fr\/?page_id=5"},"modified":"2020-04-02T15:23:57","modified_gmt":"2020-04-02T15:23:57","slug":"a-propos","status":"publish","type":"page","link":"https:\/\/nanovation.com\/fr\/","title":{"rendered":"\u00c0 Propos"},"content":{"rendered":"<p><em><strong><img loading=\"lazy\" decoding=\"async\" class=\"alignnone size-full wp-image-117\" src=\"http:\/\/nanovation.com\/fr\/wp-content\/uploads\/sites\/2\/2015\/02\/bullet.png\" alt=\"\" width=\"25\" height=\"25\" \/>\u00a0nanovation<\/strong><\/em> est une soci\u00e9t\u00e9 fran\u00e7aise, fond\u00e9e en mars 2001.<br \/>\nElle est reconnue comme un leader mondial de la fabrication de <a href=\"http:\/\/nanovation.com\/fr\/a-propos\/rogersetalprocspie2009pldznotemplatesforznomocvd\/\" rel=\"attachment wp-att-133\">couches minces<\/a> \u00e0 base d&rsquo;oxydes, de <a href=\"http:\/\/nanovation.com\/fr\/a-propos\/sandanaetaljvstb2009nanoznobypldmocvdandpvt-doc\/\" rel=\"attachment wp-att-135\">nanostructures<\/a> (oxydes et m\u00e9taux) et de composants.<\/p>\n<p><a href=\"http:\/\/nanovation.com\/fr\/a-propos\/rogersetalprocspie2010pldznoforemergingoptoapps\/\" rel=\"attachment wp-att-136\">Les propri\u00e9t\u00e9s remarquables des oxydes<\/a> peuvent donner lieu \u00e0 de multiples applications et laissent pr\u00e9sager de nouveaux d\u00e9veloppements pour ces compos\u00e9s.<\/p>\n<p>En particulier, les epiwafers fabriqu\u00e9s par <em><strong>nanovation<\/strong><\/em> ont d\u00e9j\u00e0 d\u00e9montr\u00e9 une am\u00e9lioration significative dans la performance de divers types de capteurs, des <a href=\"http:\/\/nanovation.com\/fr\/a-propos\/rogersteheraniencyclmatssci2010znofromtcototransparentelecs\/\" rel=\"attachment wp-att-137\">\u00e9crans<\/a>, des <a href=\"http:\/\/nanovation.com\/fr\/a-propos\/peresetalpssb2009motheyenanoznoreflectivity\/\" rel=\"attachment wp-att-138\">cellules solaires<\/a>, de l\u2019\u00e9lectronique de puissance et de nombreuses composants photoniques, \u00e9lectroniques et magn\u00e9tiques. Tandis que les nanostructures trouvent des applications allant des couches anti-reflets jusqu&rsquo;aux capteurs plasmoniques et rev\u00eatements anti-microbiens.<\/p>\n","protected":false},"excerpt":{"rendered":"<p>\u00a0nanovation est une soci\u00e9t\u00e9 fran\u00e7aise, fond\u00e9e en mars 2001. Elle est reconnue comme un leader mondial de la fabrication de couches minces \u00e0 base d&rsquo;oxydes, de nanostructures (oxydes et m\u00e9taux) et de composants. Les propri\u00e9t\u00e9s remarquables des oxydes peuvent donner lieu \u00e0 de multiples applications et laissent pr\u00e9sager de nouveaux d\u00e9veloppements pour ces compos\u00e9s. En [&hellip;]<\/p>\n","protected":false},"author":3,"featured_media":0,"parent":0,"menu_order":0,"comment_status":"closed","ping_status":"closed","template":"","meta":{"footnotes":""},"class_list":["post-5","page","type-page","status-publish","hentry"],"_links":{"self":[{"href":"https:\/\/nanovation.com\/fr\/wp-json\/wp\/v2\/pages\/5"}],"collection":[{"href":"https:\/\/nanovation.com\/fr\/wp-json\/wp\/v2\/pages"}],"about":[{"href":"https:\/\/nanovation.com\/fr\/wp-json\/wp\/v2\/types\/page"}],"author":[{"embeddable":true,"href":"https:\/\/nanovation.com\/fr\/wp-json\/wp\/v2\/users\/3"}],"replies":[{"embeddable":true,"href":"https:\/\/nanovation.com\/fr\/wp-json\/wp\/v2\/comments?post=5"}],"version-history":[{"count":0,"href":"https:\/\/nanovation.com\/fr\/wp-json\/wp\/v2\/pages\/5\/revisions"}],"wp:attachment":[{"href":"https:\/\/nanovation.com\/fr\/wp-json\/wp\/v2\/media?parent=5"}],"curies":[{"name":"wp","href":"https:\/\/api.w.org\/{rel}","templated":true}]}}